{"id":14075,"date":"2025-09-04T14:24:55","date_gmt":"2025-09-04T19:24:55","guid":{"rendered":"https:\/\/hotelelauca.com\/?post_type=product&#038;p=14075"},"modified":"2025-09-10T11:58:28","modified_gmt":"2025-09-10T16:58:28","slug":"cabana-familiar-garden-view-4-pax","status":"publish","type":"product","link":"https:\/\/hotelelauca.com\/en\/product\/cabana-familiar-garden-view-4-pax\/","title":{"rendered":"CABA\u00d1A FAMILIAR \/ GARDEN VIEW 4 PAX"},"content":{"rendered":"<div data-elementor-type=\"product-post\" data-elementor-id=\"14075\" class=\"elementor elementor-14075\" data-elementor-post-type=\"product\">\n\t\t\t\t<div class=\"elementor-element elementor-element-ab2f937 e-flex e-con-boxed e-con e-parent\" data-id=\"ab2f937\" data-element_type=\"container\">\n\t\t\t\t\t<div class=\"e-con-inner\">\n\t\t<div class=\"elementor-element elementor-element-c7a9114 e-con-full e-flex e-con e-child\" data-id=\"c7a9114\" data-element_type=\"container\">\n\t\t\t\t<div class=\"elementor-element elementor-element-ba1c380 elementor-widget elementor-widget-text-editor\" data-id=\"ba1c380\" data-element_type=\"widget\" data-widget_type=\"text-editor.default\">\n\t\t\t\t<div class=\"elementor-widget-container\">\n\t\t\t<style>\/*! elementor - v3.21.0 - 26-05-2024 *\/\n.elementor-widget-text-editor.elementor-drop-cap-view-stacked .elementor-drop-cap{background-color:#69727d;color:#fff}.elementor-widget-text-editor.elementor-drop-cap-view-framed .elementor-drop-cap{color:#69727d;border:3px solid;background-color:transparent}.elementor-widget-text-editor:not(.elementor-drop-cap-view-default) .elementor-drop-cap{margin-top:8px}.elementor-widget-text-editor:not(.elementor-drop-cap-view-default) .elementor-drop-cap-letter{width:1em;height:1em}.elementor-widget-text-editor .elementor-drop-cap{float:left;text-align:center;line-height:1;font-size:50px}.elementor-widget-text-editor .elementor-drop-cap-letter{display:inline-block}<\/style>\t\t\t\t<h3 class=\"s-description\"><span class=\"strans\">Room<\/span>:<\/h3>\t\t\t\t\t\t<\/div>\n\t\t\t\t<\/div>\n\t\t\t\t<\/div>\n\t\t<div class=\"elementor-element elementor-element-d562097 e-con-full e-flex e-con e-child\" data-id=\"d562097\" data-element_type=\"container\">\n\t\t\t\t<div class=\"elementor-element elementor-element-0e122ab elementor-widget elementor-widget-text-editor\" data-id=\"0e122ab\" data-element_type=\"widget\" data-widget_type=\"text-editor.default\">\n\t\t\t\t<div class=\"elementor-widget-container\">\n\t\t\t\t\t\t\t<p>Area Total\u2026\u2026\u2026\u2026\u2026\u2026\u2026\u2026\u2026\u2026\u2026\u2026..\u202656 m2<\/p><p>Area Dormitorio Master\u2026\u2026\u2026\u202613,53 m2<\/p><p>Area Dormitorio 2\u2026\u2026\u2026\u2026\u2026\u2026\u2026.13,53 m2<\/p><p>Area sala\u2026\u2026\u2026\u2026\u2026\u2026\u2026\u2026\u2026\u2026\u2026\u2026..\u00a0 8,90 m2<\/p><p>Area balc\u00f3n\u2026\u2026\u2026\u2026\u2026\u2026\u2026\u2026\u2026\u2026\u202610,52 m2<\/p>\t\t\t\t\t\t<\/div>\n\t\t\t\t<\/div>\n\t\t\t\t<\/div>\n\t\t\t\t\t<\/div>\n\t\t\t\t<\/div>\n\t\t<div class=\"elementor-element elementor-element-ae5ac72 e-flex e-con-boxed e-con e-parent\" data-id=\"ae5ac72\" data-element_type=\"container\">\n\t\t\t\t\t<div class=\"e-con-inner\">\n\t\t\t\t<div class=\"elementor-element elementor-element-4f38af6 elementor-widget-divider--view-line elementor-widget elementor-widget-divider\" data-id=\"4f38af6\" data-element_type=\"widget\" data-widget_type=\"divider.default\">\n\t\t\t\t<div class=\"elementor-widget-container\">\n\t\t\t<style>\/*! elementor - v3.21.0 - 26-05-2024 *\/\n.elementor-widget-divider{--divider-border-style:none;--divider-border-width:1px;--divider-color:#0c0d0e;--divider-icon-size:20px;--divider-element-spacing:10px;--divider-pattern-height:24px;--divider-pattern-size:20px;--divider-pattern-url:none;--divider-pattern-repeat:repeat-x}.elementor-widget-divider .elementor-divider{display:flex}.elementor-widget-divider .elementor-divider__text{font-size:15px;line-height:1;max-width:95%}.elementor-widget-divider .elementor-divider__element{margin:0 var(--divider-element-spacing);flex-shrink:0}.elementor-widget-divider .elementor-icon{font-size:var(--divider-icon-size)}.elementor-widget-divider .elementor-divider-separator{display:flex;margin:0;direction:ltr}.elementor-widget-divider--view-line_icon .elementor-divider-separator,.elementor-widget-divider--view-line_text .elementor-divider-separator{align-items:center}.elementor-widget-divider--view-line_icon .elementor-divider-separator:after,.elementor-widget-divider--view-line_icon .elementor-divider-separator:before,.elementor-widget-divider--view-line_text .elementor-divider-separator:after,.elementor-widget-divider--view-line_text .elementor-divider-separator:before{display:block;content:\"\";border-block-end:0;flex-grow:1;border-block-start:var(--divider-border-width) var(--divider-border-style) var(--divider-color)}.elementor-widget-divider--element-align-left .elementor-divider .elementor-divider-separator>.elementor-divider__svg:first-of-type{flex-grow:0;flex-shrink:100}.elementor-widget-divider--element-align-left .elementor-divider-separator:before{content:none}.elementor-widget-divider--element-align-left .elementor-divider__element{margin-left:0}.elementor-widget-divider--element-align-right .elementor-divider .elementor-divider-separator>.elementor-divider__svg:last-of-type{flex-grow:0;flex-shrink:100}.elementor-widget-divider--element-align-right .elementor-divider-separator:after{content:none}.elementor-widget-divider--element-align-right .elementor-divider__element{margin-right:0}.elementor-widget-divider--element-align-start .elementor-divider .elementor-divider-separator>.elementor-divider__svg:first-of-type{flex-grow:0;flex-shrink:100}.elementor-widget-divider--element-align-start .elementor-divider-separator:before{content:none}.elementor-widget-divider--element-align-start .elementor-divider__element{margin-inline-start:0}.elementor-widget-divider--element-align-end .elementor-divider .elementor-divider-separator>.elementor-divider__svg:last-of-type{flex-grow:0;flex-shrink:100}.elementor-widget-divider--element-align-end .elementor-divider-separator:after{content:none}.elementor-widget-divider--element-align-end .elementor-divider__element{margin-inline-end:0}.elementor-widget-divider:not(.elementor-widget-divider--view-line_text):not(.elementor-widget-divider--view-line_icon) .elementor-divider-separator{border-block-start:var(--divider-border-width) var(--divider-border-style) var(--divider-color)}.elementor-widget-divider--separator-type-pattern{--divider-border-style:none}.elementor-widget-divider--separator-type-pattern.elementor-widget-divider--view-line .elementor-divider-separator,.elementor-widget-divider--separator-type-pattern:not(.elementor-widget-divider--view-line) .elementor-divider-separator:after,.elementor-widget-divider--separator-type-pattern:not(.elementor-widget-divider--view-line) .elementor-divider-separator:before,.elementor-widget-divider--separator-type-pattern:not([class*=elementor-widget-divider--view]) .elementor-divider-separator{width:100%;min-height:var(--divider-pattern-height);-webkit-mask-size:var(--divider-pattern-size) 100%;mask-size:var(--divider-pattern-size) 100%;-webkit-mask-repeat:var(--divider-pattern-repeat);mask-repeat:var(--divider-pattern-repeat);background-color:var(--divider-color);-webkit-mask-image:var(--divider-pattern-url);mask-image:var(--divider-pattern-url)}.elementor-widget-divider--no-spacing{--divider-pattern-size:auto}.elementor-widget-divider--bg-round{--divider-pattern-repeat:round}.rtl .elementor-widget-divider .elementor-divider__text{direction:rtl}.e-con-inner>.elementor-widget-divider,.e-con>.elementor-widget-divider{width:var(--container-widget-width,100%);--flex-grow:var(--container-widget-flex-grow)}<\/style>\t\t<div class=\"elementor-divider\">\n\t\t\t<span class=\"elementor-divider-separator\">\n\t\t\t\t\t\t<\/span>\n\t\t<\/div>\n\t\t\t\t<\/div>\n\t\t\t\t<\/div>\n\t\t\t\t\t<\/div>\n\t\t\t\t<\/div>\n\t\t<div class=\"elementor-element elementor-element-009298f e-flex e-con-boxed e-con e-parent\" data-id=\"009298f\" data-element_type=\"container\">\n\t\t\t\t\t<div class=\"e-con-inner\">\n\t\t<div class=\"elementor-element elementor-element-5c045c8 e-con-full e-flex e-con e-child\" data-id=\"5c045c8\" data-element_type=\"container\">\n\t\t\t\t<div class=\"elementor-element elementor-element-8fb26fd elementor-widget elementor-widget-text-editor\" data-id=\"8fb26fd\" data-element_type=\"widget\" data-widget_type=\"text-editor.default\">\n\t\t\t\t<div class=\"elementor-widget-container\">\n\t\t\t\t\t\t\t<h3 class=\"s-description\"><span class=\"strans\">More Information<\/span>:<\/h3>\t\t\t\t\t\t<\/div>\n\t\t\t\t<\/div>\n\t\t\t\t<\/div>\n\t\t<div class=\"elementor-element elementor-element-7267485 e-con-full e-flex e-con e-child\" data-id=\"7267485\" data-element_type=\"container\">\n\t\t\t\t<div class=\"elementor-element elementor-element-612ed2d elementor-widget elementor-widget-text-editor\" data-id=\"612ed2d\" data-element_type=\"widget\" data-widget_type=\"text-editor.default\">\n\t\t\t\t<div class=\"elementor-widget-container\">\n\t\t\t\t\t\t\t<p>Caba\u00f1a familiar ubicada en segunda planta, compuesta de 3 ambientes internos y \u00e1rea de balc\u00f3n. Dispone de Dormitorio principal con ba\u00f1o, \u00e1rea com\u00fan con una mesa y \u00e1rea con cafetera y minibar, (no se permite cocinar en esta \u00e1rea). Dormitorio secundario con 2 camas twin y con ba\u00f1o privado. Construcci\u00f3n con madera de la zona y balc\u00f3n con visa al jard\u00edn.<\/p>\t\t\t\t\t\t<\/div>\n\t\t\t\t<\/div>\n\t\t\t\t<\/div>\n\t\t\t\t\t<\/div>\n\t\t\t\t<\/div>\n\t\t<div class=\"elementor-element elementor-element-313f645 e-flex e-con-boxed e-con e-parent\" data-id=\"313f645\" data-element_type=\"container\">\n\t\t\t\t\t<div class=\"e-con-inner\">\n\t\t\t\t<div class=\"elementor-element elementor-element-5c1329b elementor-widget-divider--view-line elementor-widget elementor-widget-divider\" data-id=\"5c1329b\" data-element_type=\"widget\" data-widget_type=\"divider.default\">\n\t\t\t\t<div class=\"elementor-widget-container\">\n\t\t\t\t\t<div class=\"elementor-divider\">\n\t\t\t<span class=\"elementor-divider-separator\">\n\t\t\t\t\t\t<\/span>\n\t\t<\/div>\n\t\t\t\t<\/div>\n\t\t\t\t<\/div>\n\t\t\t\t\t<\/div>\n\t\t\t\t<\/div>\n\t\t<div class=\"elementor-element elementor-element-8e7c41d e-flex e-con-boxed e-con e-parent\" data-id=\"8e7c41d\" data-element_type=\"container\">\n\t\t\t\t\t<div class=\"e-con-inner\">\n\t\t<div class=\"elementor-element elementor-element-5c76e5d e-con-full e-flex e-con e-child\" data-id=\"5c76e5d\" data-element_type=\"container\">\n\t\t\t\t<div class=\"elementor-element elementor-element-edf4b07 elementor-widget elementor-widget-text-editor\" data-id=\"edf4b07\" data-element_type=\"widget\" data-widget_type=\"text-editor.default\">\n\t\t\t\t<div class=\"elementor-widget-container\">\n\t\t\t\t\t\t\t<h3 class=\"s-description\"><span class=\"strans\">Services and amenities<\/span>:<\/h3>\t\t\t\t\t\t<\/div>\n\t\t\t\t<\/div>\n\t\t\t\t<\/div>\n\t\t<div class=\"elementor-element elementor-element-483215f e-con-full e-flex e-con e-child\" data-id=\"483215f\" data-element_type=\"container\">\n\t\t\t\t<div class=\"elementor-element elementor-element-19540f7 elementor-widget elementor-widget-image\" data-id=\"19540f7\" data-element_type=\"widget\" data-widget_type=\"image.default\">\n\t\t\t\t<div class=\"elementor-widget-container\">\n\t\t\t<style>\/*! elementor - v3.21.0 - 26-05-2024 *\/\n.elementor-widget-image{text-align:center}.elementor-widget-image a{display:inline-block}.elementor-widget-image a img[src$=\".svg\"]{width:48px}.elementor-widget-image img{vertical-align:middle;display:inline-block}<\/style>\t\t\t\t\t\t\t<figure class=\"wp-caption\">\n\t\t\t\t\t\t\t\t\t\t<img decoding=\"async\" src=\"https:\/\/hotelelauca.com\/wp-content\/uploads\/elementor\/thumbs\/climatization-qpf61ri7po2w70pp8yyfmgctshqi7iolwoxclcwz0a.png\" title=\"climatization\" alt=\"climatization\" loading=\"lazy\" \/>\t\t\t\t\t\t\t\t\t\t\t<figcaption class=\"widget-image-caption wp-caption-text\">Air Conditioning<\/figcaption>\n\t\t\t\t\t\t\t\t\t\t<\/figure>\n\t\t\t\t\t\t\t<\/div>\n\t\t\t\t<\/div>\n\t\t\t\t<div class=\"elementor-element elementor-element-0ca55cb elementor-widget elementor-widget-image\" data-id=\"0ca55cb\" data-element_type=\"widget\" data-widget_type=\"image.default\">\n\t\t\t\t<div class=\"elementor-widget-container\">\n\t\t\t\t\t\t\t\t\t\t<figure class=\"wp-caption\">\n\t\t\t\t\t\t\t\t\t\t<img decoding=\"async\" src=\"https:\/\/hotelelauca.com\/wp-content\/uploads\/elementor\/thumbs\/desktop-qpfctdcexxk54uv0r9rmtzbg5h133js9eflk4zpuey.png\" title=\"desktop\" alt=\"desktop\" loading=\"lazy\" \/>\t\t\t\t\t\t\t\t\t\t\t<figcaption class=\"widget-image-caption wp-caption-text\">Work space<\/figcaption>\n\t\t\t\t\t\t\t\t\t\t<\/figure>\n\t\t\t\t\t\t\t<\/div>\n\t\t\t\t<\/div>\n\t\t\t\t<div class=\"elementor-element elementor-element-1b31c70 elementor-widget elementor-widget-image\" data-id=\"1b31c70\" data-element_type=\"widget\" data-widget_type=\"image.default\">\n\t\t\t\t<div class=\"elementor-widget-container\">\n\t\t\t\t\t\t\t\t\t\t<figure class=\"wp-caption\">\n\t\t\t\t\t\t\t\t\t\t<img decoding=\"async\" src=\"https:\/\/hotelelauca.com\/wp-content\/uploads\/elementor\/thumbs\/cabinet-qpfdzax7y8u86r17woicfaok8mxb81dmtt83a7xsxm.png\" title=\"cabinet\" alt=\"cabinet\" loading=\"lazy\" \/>\t\t\t\t\t\t\t\t\t\t\t<figcaption class=\"widget-image-caption wp-caption-text\">Furnished full<\/figcaption>\n\t\t\t\t\t\t\t\t\t\t<\/figure>\n\t\t\t\t\t\t\t<\/div>\n\t\t\t\t<\/div>\n\t\t\t\t<\/div>\n\t\t<div class=\"elementor-element elementor-element-26262a6 e-con-full e-flex e-con e-child\" data-id=\"26262a6\" data-element_type=\"container\">\n\t\t\t\t<div class=\"elementor-element elementor-element-29fd5e0 elementor-widget elementor-widget-image\" data-id=\"29fd5e0\" data-element_type=\"widget\" data-widget_type=\"image.default\">\n\t\t\t\t<div class=\"elementor-widget-container\">\n\t\t\t\t\t\t\t\t\t\t<figure class=\"wp-caption\">\n\t\t\t\t\t\t\t\t\t\t<img decoding=\"async\" src=\"https:\/\/hotelelauca.com\/wp-content\/uploads\/elementor\/thumbs\/smart-tv-qpbdjxlxxzf0d0brkfv8bxx9wjdpya47zhmq9sp8vu.png\" title=\"smart-tv\" alt=\"smart-tv\" loading=\"lazy\" \/>\t\t\t\t\t\t\t\t\t\t\t<figcaption class=\"widget-image-caption wp-caption-text\">Television<\/figcaption>\n\t\t\t\t\t\t\t\t\t\t<\/figure>\n\t\t\t\t\t\t\t<\/div>\n\t\t\t\t<\/div>\n\t\t\t\t<div class=\"elementor-element elementor-element-984db72 elementor-widget elementor-widget-image\" data-id=\"984db72\" data-element_type=\"widget\" data-widget_type=\"image.default\">\n\t\t\t\t<div class=\"elementor-widget-container\">\n\t\t\t\t\t\t\t\t\t\t<figure class=\"wp-caption\">\n\t\t\t\t\t\t\t\t\t\t<img decoding=\"async\" src=\"https:\/\/hotelelauca.com\/wp-content\/uploads\/elementor\/thumbs\/towel-qpfbd3jivm03hisfzocj666mw2o91i9mvpjhd180fu.png\" title=\"towel\" alt=\"towel\" loading=\"lazy\" \/>\t\t\t\t\t\t\t\t\t\t\t<figcaption class=\"widget-image-caption wp-caption-text\">Towels<\/figcaption>\n\t\t\t\t\t\t\t\t\t\t<\/figure>\n\t\t\t\t\t\t\t<\/div>\n\t\t\t\t<\/div>\n\t\t\t\t<div class=\"elementor-element elementor-element-d883a13 elementor-widget elementor-widget-image\" data-id=\"d883a13\" data-element_type=\"widget\" data-widget_type=\"image.default\">\n\t\t\t\t<div class=\"elementor-widget-container\">\n\t\t\t\t\t\t\t\t\t\t<figure class=\"wp-caption\">\n\t\t\t\t\t\t\t\t\t\t<img decoding=\"async\" src=\"https:\/\/hotelelauca.com\/wp-content\/uploads\/elementor\/thumbs\/balcony-qpx2udarf29iwo6vy14hgqc04mc2hu8p0939yxqzlm.png\" title=\"balcony\" alt=\"balcony\" loading=\"lazy\" \/>\t\t\t\t\t\t\t\t\t\t\t<figcaption class=\"widget-image-caption wp-caption-text\">Balcony<\/figcaption>\n\t\t\t\t\t\t\t\t\t\t<\/figure>\n\t\t\t\t\t\t\t<\/div>\n\t\t\t\t<\/div>\n\t\t\t\t<\/div>\n\t\t<div class=\"elementor-element elementor-element-466b0be e-con-full e-flex e-con e-child\" data-id=\"466b0be\" data-element_type=\"container\">\n\t\t\t\t<div class=\"elementor-element elementor-element-8418fcb elementor-widget elementor-widget-image\" data-id=\"8418fcb\" data-element_type=\"widget\" data-widget_type=\"image.default\">\n\t\t\t\t<div class=\"elementor-widget-container\">\n\t\t\t\t\t\t\t\t\t\t<figure class=\"wp-caption\">\n\t\t\t\t\t\t\t\t\t\t<img decoding=\"async\" src=\"https:\/\/hotelelauca.com\/wp-content\/uploads\/elementor\/thumbs\/minibar-qpfcvkauy7i0s67syd08bvjl30iaff1xv7cpnnnvy2.png\" title=\"minibar\" alt=\"minibar\" loading=\"lazy\" \/>\t\t\t\t\t\t\t\t\t\t\t<figcaption class=\"widget-image-caption wp-caption-text\">Mini Bar<\/figcaption>\n\t\t\t\t\t\t\t\t\t\t<\/figure>\n\t\t\t\t\t\t\t<\/div>\n\t\t\t\t<\/div>\n\t\t\t\t<div class=\"elementor-element elementor-element-ef6d8c5 elementor-widget elementor-widget-image\" data-id=\"ef6d8c5\" data-element_type=\"widget\" data-widget_type=\"image.default\">\n\t\t\t\t<div class=\"elementor-widget-container\">\n\t\t\t\t\t\t\t\t\t\t<figure class=\"wp-caption\">\n\t\t\t\t\t\t\t\t\t\t<img decoding=\"async\" src=\"https:\/\/hotelelauca.com\/wp-content\/uploads\/elementor\/thumbs\/room-service-qpfcqf4njugj8zorzmyq6o9s23uzb1mthqu245afzu.png\" title=\"room-service\" alt=\"room-service\" loading=\"lazy\" \/>\t\t\t\t\t\t\t\t\t\t\t<figcaption class=\"widget-image-caption wp-caption-text\">Room Service<\/figcaption>\n\t\t\t\t\t\t\t\t\t\t<\/figure>\n\t\t\t\t\t\t\t<\/div>\n\t\t\t\t<\/div>\n\t\t\t\t<\/div>\n\t\t<div class=\"elementor-element elementor-element-49ea5a4 e-con-full e-flex e-con e-child\" data-id=\"49ea5a4\" data-element_type=\"container\">\n\t\t\t\t<div class=\"elementor-element elementor-element-eb50d89 elementor-widget elementor-widget-image\" data-id=\"eb50d89\" data-element_type=\"widget\" data-widget_type=\"image.default\">\n\t\t\t\t<div class=\"elementor-widget-container\">\n\t\t\t\t\t\t\t\t\t\t<figure class=\"wp-caption\">\n\t\t\t\t\t\t\t\t\t\t<img decoding=\"async\" src=\"https:\/\/hotelelauca.com\/wp-content\/uploads\/elementor\/thumbs\/wifi-qpf1vjwpjsgaucwjdjhqnuy0as3v4tctl7syohmvcq.png\" title=\"wifi\" alt=\"wifi\" loading=\"lazy\" \/>\t\t\t\t\t\t\t\t\t\t\t<figcaption class=\"widget-image-caption wp-caption-text\">Wifi<\/figcaption>\n\t\t\t\t\t\t\t\t\t\t<\/figure>\n\t\t\t\t\t\t\t<\/div>\n\t\t\t\t<\/div>\n\t\t\t\t<div class=\"elementor-element elementor-element-adb2e41 elementor-widget elementor-widget-image\" data-id=\"adb2e41\" data-element_type=\"widget\" data-widget_type=\"image.default\">\n\t\t\t\t<div class=\"elementor-widget-container\">\n\t\t\t\t\t\t\t\t\t\t<figure class=\"wp-caption\">\n\t\t\t\t\t\t\t\t\t\t<img decoding=\"async\" src=\"https:\/\/hotelelauca.com\/wp-content\/uploads\/elementor\/thumbs\/restaurant-qpbhw95oj3ep6f9friemhztyeew925p757eqhex83e.png\" title=\"restaurant\" alt=\"restaurant\" loading=\"lazy\" \/>\t\t\t\t\t\t\t\t\t\t\t<figcaption class=\"widget-image-caption wp-caption-text\">Breakfast<\/figcaption>\n\t\t\t\t\t\t\t\t\t\t<\/figure>\n\t\t\t\t\t\t\t<\/div>\n\t\t\t\t<\/div>\n\t\t\t\t<\/div>\n\t\t<div class=\"elementor-element elementor-element-2a495ed e-con-full e-flex e-con e-child\" data-id=\"2a495ed\" data-element_type=\"container\">\n\t\t\t\t<div class=\"elementor-element elementor-element-a7a5e84 elementor-widget elementor-widget-image\" data-id=\"a7a5e84\" data-element_type=\"widget\" data-widget_type=\"image.default\">\n\t\t\t\t<div class=\"elementor-widget-container\">\n\t\t\t\t\t\t\t\t\t\t<figure class=\"wp-caption\">\n\t\t\t\t\t\t\t\t\t\t<img decoding=\"async\" src=\"https:\/\/hotelelauca.com\/wp-content\/uploads\/elementor\/thumbs\/shower-qpf64aok4ljph719gkd8ubcjev93y5qkl87g575s8q.png\" title=\"shower\" alt=\"shower\" loading=\"lazy\" \/>\t\t\t\t\t\t\t\t\t\t\t<figcaption class=\"widget-image-caption wp-caption-text\">Shower<\/figcaption>\n\t\t\t\t\t\t\t\t\t\t<\/figure>\n\t\t\t\t\t\t\t<\/div>\n\t\t\t\t<\/div>\n\t\t\t\t<div class=\"elementor-element elementor-element-deaa4ca elementor-widget elementor-widget-image\" data-id=\"deaa4ca\" data-element_type=\"widget\" data-widget_type=\"image.default\">\n\t\t\t\t<div class=\"elementor-widget-container\">\n\t\t\t\t\t\t\t\t\t\t<figure class=\"wp-caption\">\n\t\t\t\t\t\t\t\t\t\t<img decoding=\"async\" src=\"https:\/\/hotelelauca.com\/wp-content\/uploads\/elementor\/thumbs\/tap-qpx2x6tbuz6p6hjyh3w99kkd925c7uvh8alcledcvu.png\" title=\"tap\" alt=\"tap\" loading=\"lazy\" \/>\t\t\t\t\t\t\t\t\t\t\t<figcaption class=\"widget-image-caption wp-caption-text\">Hot water<\/figcaption>\n\t\t\t\t\t\t\t\t\t\t<\/figure>\n\t\t\t\t\t\t\t<\/div>\n\t\t\t\t<\/div>\n\t\t\t\t<\/div>\n\t\t<div class=\"elementor-element elementor-element-9a81a9c e-con-full e-flex e-con e-child\" data-id=\"9a81a9c\" data-element_type=\"container\">\n\t\t\t\t<div class=\"elementor-element elementor-element-93b6eba elementor-widget elementor-widget-image\" data-id=\"93b6eba\" data-element_type=\"widget\" data-widget_type=\"image.default\">\n\t\t\t\t<div class=\"elementor-widget-container\">\n\t\t\t\t\t\t\t\t\t\t<figure class=\"wp-caption\">\n\t\t\t\t\t\t\t\t\t\t<img decoding=\"async\" src=\"https:\/\/hotelelauca.com\/wp-content\/uploads\/elementor\/thumbs\/toilet-qpf7pk0mg9xiq1v23te38d6e4v11ue1xgmv9l09f7e.png\" title=\"toilet\" alt=\"toilet\" loading=\"lazy\" \/>\t\t\t\t\t\t\t\t\t\t\t<figcaption class=\"widget-image-caption wp-caption-text\">Bathroom<\/figcaption>\n\t\t\t\t\t\t\t\t\t\t<\/figure>\n\t\t\t\t\t\t\t<\/div>\n\t\t\t\t<\/div>\n\t\t\t\t<div class=\"elementor-element elementor-element-833c731 elementor-widget elementor-widget-image\" data-id=\"833c731\" data-element_type=\"widget\" data-widget_type=\"image.default\">\n\t\t\t\t<div class=\"elementor-widget-container\">\n\t\t\t\t\t\t\t\t\t\t<figure class=\"wp-caption\">\n\t\t\t\t\t\t\t\t\t\t<img decoding=\"async\" src=\"https:\/\/hotelelauca.com\/wp-content\/uploads\/elementor\/thumbs\/telephone-qpfcxfz8k34vg0y0z15fmybctkycgbydyldb05ofga.png\" title=\"telephone\" alt=\"telephone\" loading=\"lazy\" \/>\t\t\t\t\t\t\t\t\t\t\t<figcaption class=\"widget-image-caption wp-caption-text\">Phone<\/figcaption>\n\t\t\t\t\t\t\t\t\t\t<\/figure>\n\t\t\t\t\t\t\t<\/div>\n\t\t\t\t<\/div>\n\t\t\t\t<\/div>\n\t\t\t\t\t<\/div>\n\t\t\t\t<\/div>\n\t\t\t\t<\/div>","protected":false},"excerpt":{"rendered":"<p><strong>Tarifa adultos<\/strong>\u2026\u2026\u2026\u2026\u2026\u2026\u2026\u2026\u2026\u2026\u2026\u2026\u2026\u2026\u2026\u2026&#8230;.. $33,75<br \/>\n<strong>Ni\u00f1os hasta 11 a\u00f1os solo pagan desayuno<\/strong>\u2026$6,25<br \/>\nTodos los hu\u00e9spedes deben tener su identificaci\u00f3n al momento del check in.<\/p>","protected":false},"featured_media":14080,"template":"","meta":{"_joinchat":[]},"product_cat":[55],"product_tag":[],"class_list":{"0":"post-14075","1":"product","2":"type-product","3":"status-publish","4":"has-post-thumbnail","6":"product_cat-matrimonial","8":"first","9":"instock","10":"virtual","11":"sold-individually","12":"taxable","13":"purchasable","14":"product-type-booking"},"_links":{"self":[{"href":"https:\/\/hotelelauca.com\/en\/wp-json\/wp\/v2\/product\/14075","targetHints":{"allow":["GET"]}}],"collection":[{"href":"https:\/\/hotelelauca.com\/en\/wp-json\/wp\/v2\/product"}],"about":[{"href":"https:\/\/hotelelauca.com\/en\/wp-json\/wp\/v2\/types\/product"}],"version-history":[{"count":14,"href":"https:\/\/hotelelauca.com\/en\/wp-json\/wp\/v2\/product\/14075\/revisions"}],"predecessor-version":[{"id":14102,"href":"https:\/\/hotelelauca.com\/en\/wp-json\/wp\/v2\/product\/14075\/revisions\/14102"}],"wp:featuredmedia":[{"embeddable":true,"href":"https:\/\/hotelelauca.com\/en\/wp-json\/wp\/v2\/media\/14080"}],"wp:attachment":[{"href":"https:\/\/hotelelauca.com\/en\/wp-json\/wp\/v2\/media?parent=14075"}],"wp:term":[{"taxonomy":"product_cat","embeddable":true,"href":"https:\/\/hotelelauca.com\/en\/wp-json\/wp\/v2\/product_cat?post=14075"},{"taxonomy":"product_tag","embeddable":true,"href":"https:\/\/hotelelauca.com\/en\/wp-json\/wp\/v2\/product_tag?post=14075"}],"curies":[{"name":"wp","href":"https:\/\/api.w.org\/{rel}","templated":true}]}}